{"id":8330,"date":"2018-03-07T14:40:44","date_gmt":"2018-03-07T14:40:44","guid":{"rendered":"http:\/\/amos.ellethemes.com\/?page_id=4"},"modified":"2021-02-19T09:43:05","modified_gmt":"2021-02-19T09:43:05","slug":"home","status":"publish","type":"page","link":"https:\/\/www.lactelab.org\/","title":{"rendered":"Laboratorio"},"content":{"rendered":"<p>[vc_row][vc_column width=&#8221;1\/2&#8243; css=&#8221;.vc_custom_1520520776606{padding-top: 10% !important;padding-right: 10% !important;padding-bottom: 10% !important;padding-left: 10% !important;}&#8221;][vc_empty_space height=&#8221;60px&#8221;][block_title style=&#8221;column_title&#8221; inner_style=&#8221;inline_border_circle&#8221; title=&#8221;Fomentar la cultura multidisciplinar&#8221; second_title=&#8221;LacteLAB nace en una \u00e9poca post pand\u00e9mica en la que la Cultura viene arrastrando una imperiosa necesidad de modernizaci\u00f3n en base a la b\u00fasqueda de nuevas experiencias art\u00edsticas y culturales, as\u00ed como de nuevos modelos de relaci\u00f3n con los espectadores.&#8221; text_above=&#8221;Nuestra visi\u00f3n y trabajo&#8221;][\/block_title][vc_column_text]El trabajo entre diferentes perfiles multidisciplinares creativos y tecnol\u00f3gicos, as\u00ed como la estimulaci\u00f3n en la experimentaci\u00f3n, investigaci\u00f3n y pensamiento cr\u00edtico son claves a la hora de dise\u00f1ar formatos h\u00edbridos entre el mundo real y el virtual que den soluci\u00f3n a los retos del futuro, no s\u00f3lo en el \u00e1mbito cultural.<\/p>\n<p>Buscamos dise\u00f1ar modelos expositivos innovadores para las nuevas propuestas art\u00edsticas que surgen del potencial entre la uni\u00f3n de Arte, Ciencia y Tecnolog\u00eda, as\u00ed como generar y fortalecer una amplia comunidad interesada y comprometida con la Innovaci\u00f3n y Modernizaci\u00f3n de las Industrias Culturales y Creativas.[\/vc_column_text][\/vc_column][vc_column width=&#8221;1\/2&#8243; css=&#8221;.vc_custom_1520520598089{padding: 10% !important;}&#8221;][vc_empty_space height=&#8221;120px&#8221;][list icon=&#8221;icon-rocket&#8221;][list_item style=&#8221;titledesc&#8221; title=&#8221;Formaci\u00f3n y capacitaci\u00f3n&#8221; desc=&#8221;Organizaci\u00f3n de Workshops con artistas y Conferencias Internacionales en el \u00e1mbito de la uni\u00f3n entre Arte, Ciencia y Tecnolog\u00eda.&#8221;][list_item style=&#8221;titledesc&#8221; title=&#8221;Mentorizaci\u00f3n de proyectos&#8221; desc=&#8221;Ayudamos en el dise\u00f1o, puesta en marcha y desarrollo de proyectos innovadores dentro del \u00e1mbito de la cultura.&#8221;][list_item style=&#8221;titledesc&#8221; title=&#8221;Promoci\u00f3n de j\u00f3venes talentos creativos&#8221; desc=&#8221;Ayudamos a j\u00f3venes talentos creativos en su incorporaci\u00f3n al mundo del arte y la cultura, promovemos su participaci\u00f3n en festivales nacionales e internacionales y generamos oportunidades y visibilidad.&#8221;][list_item style=&#8221;titledesc&#8221; title=&#8221;Comisariado de exposiciones&#8221; desc=&#8221;Dise\u00f1amos y producimos exposiciones y muestras relacionadas con el arte digital, arte inmersivo y el comisariado de artistas internacionales en el \u00e1mbito de la uni\u00f3n entre arte, ciencia y tecnolog\u00eda.&#8221;][list_item style=&#8221;titledesc&#8221; title=&#8221;Emprendimiento Cultural&#8221; desc=&#8221;Promovemos un entorno de actividad propicio para la generaci\u00f3n de ideas empresariales asociadas al \u00e1mbito de la Innovaci\u00f3n y Modernizaci\u00f3n de las Industrias Culturales y Creativas.&#8221;][\/list][\/vc_column][\/vc_row][vc_row][vc_column][block_title title=&#8221;Innovaci\u00f3n y Modernizaci\u00f3n de las ICC&#8221; text_above=&#8221;Investigaci\u00f3n y Experimentaci\u00f3n&#8221;]Investigamos y experimentamos en las intersecciones entre Arte, Ciencia y Tecnolog\u00eda para explorar los l\u00edmites de la creatividad y el uso de tecnolog\u00edas avanzadas en el \u00e1mbito de la creaci\u00f3n art\u00edstica y la producci\u00f3n cultural.[\/block_title][vc_empty_space height=&#8221;20px&#8221;][recent_portfolio columns=&#8221;3&#8243; rows=&#8221;2&#8243; carousel=&#8221;no&#8221;][\/vc_column][\/vc_row][vc_row type=&#8221;full_width_background&#8221; top_padding=&#8221;120&#8243; bottom_padding=&#8221;0&#8243;][vc_column width=&#8221;1\/3&#8243;][services_text title=&#8221;ARTE&#8221; title_2=&#8221;CREATIVIDAD&#8221; dynamic_content_link=&#8221;&#8221;]Buscamos crear experiencias art\u00edsticas para generar emociones en las audiencias. Apostamos por el talento creativo como motor en el \u00e1mbito del desarrollo de las empresas.[\/services_text][\/vc_column][vc_column width=&#8221;1\/3&#8243;][services_text title=&#8221;CIENCIA&#8221; title_2=&#8221;INVESTIGACI\u00d3N&#8221; dynamic_content_link=&#8221;&#8221;]Rompemos los l\u00edmites entre Arte y Ciencia dise\u00f1ando proyectos trans disciplinares. Tejemos una red h\u00edbrida de talentos creativos y tecnol\u00f3gicos para dar soluci\u00f3n a los retos del futuro de forma creativa.[\/services_text][\/vc_column][vc_column width=&#8221;1\/3&#8243;][services_text title=&#8221;TECNOLOG\u00cdA&#8221; title_2=&#8221;EXPERIMENTACI\u00d3N&#8221; dynamic_content_link=&#8221;&#8221;]Integramos tecnolog\u00eda avanzada en los procesos creativos para favorecer la Innovaci\u00f3n y Modernizaci\u00f3n de las Industrias Culturales y Creativas.[\/services_text][\/vc_column][\/vc_row][vc_row][vc_column width=&#8221;1\/2&#8243;][block_title style=&#8221;column_title&#8221; title=&#8221;Patrocinadores y Colaboradores&#8221;][\/block_title][vc_custom_heading text=&#8221;el LACTE LAB nace de la iniciativa privada en colaboraci\u00f3n con diferentes entidades con el objetivo de reforzar y avanzar en la Innovaci\u00f3n y Modernizaci\u00f3n de las Industrias Culturales y Creativas. Tu participaci\u00f3n nos hace m\u00e1s fuertes y amplifica el impacto en la sociedad de la uni\u00f3n entre Arte, Ciencia y Tecnolog\u00eda.<\/p>\n<p>Forma parte de la red del LACTE LAB.&#8221; font_container=&#8221;tag:div|font_size:16px|text_align:left|line_height:24px&#8221; google_fonts=&#8221;font_family:Hind%3A300%2Cregular%2C500%2C600%2C700|font_style:400%20regular%3A400%3Anormal&#8221;][vc_empty_space height=&#8221;25px&#8221;][button title=&#8221;Quiero colaborar&#8221; link=&#8221;mailto:hello@elektrart.com&#8221;][\/vc_column][vc_column width=&#8221;1\/2&#8243;][clients dark_light=&#8221;light&#8221; carousel=&#8221;no&#8221;][\/vc_column][\/vc_row][vc_row][vc_column][block_title style=&#8221;column_title&#8221; title=&#8221;Contacta con el Laboratorio&#8221; second_title=&#8221;\u00bfQuieres formar parte del LacteLAB, tienes un proyecto o idea innovadora en el \u00e1mbito de las Industrias Culturales y Creativas que quieras llevar a cabo? Escr\u00edbenos y tan pronto leamos tu mensaje nos ponemos en contacto contigo.&#8221;][\/block_title][\/vc_column][\/vc_row][vc_row][vc_column]<div role=\"form\" class=\"wpcf7\" id=\"wpcf7-f9246-o1\" lang=\"es-ES\" dir=\"ltr\">\n<div class=\"screen-reader-response\"><p role=\"status\" aria-live=\"polite\" aria-atomic=\"true\"><\/p> <ul><\/ul><\/div>\n<form action=\"\/index.php\/wp-json\/wp\/v2\/pages\/8330#wpcf7-f9246-o1\" method=\"post\" class=\"wpcf7-form init\" novalidate=\"novalidate\" data-status=\"init\">\n<div style=\"display: none;\">\n<input type=\"hidden\" name=\"_wpcf7\" value=\"9246\" \/>\n<input type=\"hidden\" name=\"_wpcf7_version\" value=\"5.3.2\" \/>\n<input type=\"hidden\" name=\"_wpcf7_locale\" value=\"es_ES\" \/>\n<input type=\"hidden\" name=\"_wpcf7_unit_tag\" value=\"wpcf7-f9246-o1\" \/>\n<input type=\"hidden\" name=\"_wpcf7_container_post\" value=\"0\" \/>\n<input type=\"hidden\" name=\"_wpcf7_posted_data_hash\" value=\"\" \/>\n<\/div>\n<p><label> Tu nombre<br \/>\n    <span class=\"wpcf7-form-control-wrap your-name\"><input type=\"text\" name=\"your-name\" value=\"\" size=\"40\" class=\"wpcf7-form-control wpcf7-text wpcf7-validates-as-required\" aria-required=\"true\" aria-invalid=\"false\" \/><\/span> <\/label><\/p>\n<p><label> Tu email<br \/>\n    <span class=\"wpcf7-form-control-wrap your-email\"><input type=\"email\" name=\"your-email\" value=\"\" size=\"40\" class=\"wpcf7-form-control wpcf7-text wpcf7-email wpcf7-validates-as-required wpcf7-validates-as-email\" aria-required=\"true\" aria-invalid=\"false\" \/><\/span> <\/label><\/p>\n<p><label> \u00bfDe qu\u00e9 nos quieres hablar?<br \/>\n    <span class=\"wpcf7-form-control-wrap your-subject\"><input type=\"text\" name=\"your-subject\" value=\"\" size=\"40\" class=\"wpcf7-form-control wpcf7-text wpcf7-validates-as-required\" aria-required=\"true\" aria-invalid=\"false\" \/><\/span> <\/label><\/p>\n<p><label> Escribe tu mensaje<br \/>\n    <span class=\"wpcf7-form-control-wrap your-message\"><textarea name=\"your-message\" cols=\"40\" rows=\"10\" class=\"wpcf7-form-control wpcf7-textarea\" aria-invalid=\"false\"><\/textarea><\/span> <\/label><\/p>\n<p><input type=\"submit\" value=\"Enviar\" class=\"wpcf7-form-control wpcf7-submit\" \/><\/p>\n<div class=\"wpcf7-response-output\" aria-hidden=\"true\"><\/div><\/form><\/div>[\/vc_column][\/vc_row]<\/p>\n","protected":false},"excerpt":{"rendered":"<p>[vc_row][vc_column width=&#8221;1\/2&#8243; css=&#8221;.vc_custom_1520520776606{padding-top: 10% !important;padding-right: 10% !important;padding-bottom: 10% !important;padding-left: 10% !important;}&#8221;][vc_empty_space height=&#8221;60px&#8221;][block_title style=&#8221;column_title&#8221; inner_style=&#8221;inline_border_circle&#8221; title=&#8221;Fomentar la cultura multidisciplinar&#8221; second_title=&#8221;LacteLAB nace en una \u00e9poca post pand\u00e9mica en la que la Cultura viene arrastrando una imperiosa necesidad de modernizaci\u00f3n en base a la b\u00fasqueda de nuevas experiencias art\u00edsticas y culturales, as\u00ed como de nuevos modelos de relaci\u00f3n [&hellip;]<\/p>\n","protected":false},"author":1,"featured_media":9184,"parent":0,"menu_order":0,"comment_status":"closed","ping_status":"closed","template":"","meta":[],"yoast_head":"<!-- This site is optimized with the Yoast SEO plugin v15.8 - https:\/\/yoast.com\/wordpress\/plugins\/seo\/ -->\n<title>Laboratorio - Laboratorio de Arte, Ciencia y Tecnolog\u00eda<\/title>\n<meta name=\"description\" content=\"LacteLAB es un espacio de investigaci\u00f3n y experimentaci\u00f3n en el \u00e1mbito de la uni\u00f3n entre Arte, Ciencia y Tecnolog\u00eda y la Innovaci\u00f3n Cultural.\" \/>\n<meta name=\"robots\" content=\"index, follow, max-snippet:-1, max-image-preview:large, max-video-preview:-1\" \/>\n<link rel=\"canonical\" href=\"https:\/\/www.lactelab.org\/\" \/>\n<meta property=\"og:locale\" content=\"es_ES\" \/>\n<meta property=\"og:type\" content=\"article\" \/>\n<meta property=\"og:title\" content=\"LacteLAB :: Arte, Ciencia y Tecnolog\u00eda.\" \/>\n<meta property=\"og:description\" content=\"LacteLAB es un espacio de investigaci\u00f3n y experimentaci\u00f3n en el \u00e1mbito de la uni\u00f3n entre Arte, Ciencia y Tecnolog\u00eda y la Innovaci\u00f3n Cultural.\" \/>\n<meta property=\"og:url\" content=\"https:\/\/www.lactelab.org\/\" \/>\n<meta property=\"og:site_name\" content=\"LacteLAB\" \/>\n<meta property=\"article:publisher\" content=\"https:\/\/www.facebook.com\/LACTELAB\" \/>\n<meta property=\"article:modified_time\" content=\"2021-02-19T09:43:05+00:00\" \/>\n<meta property=\"og:image\" content=\"https:\/\/www.lactelab.org\/wp-content\/uploads\/2021\/01\/cabecera02.jpg\" \/>\n\t<meta property=\"og:image:width\" content=\"1920\" \/>\n\t<meta property=\"og:image:height\" content=\"1275\" \/>\n<meta name=\"twitter:card\" content=\"summary_large_image\" \/>\n<meta name=\"twitter:title\" content=\"LacteLAB :: Arte, Ciencia y Tecnolog\u00eda.\" \/>\n<meta name=\"twitter:description\" content=\"LacteLAB es un espacio de investigaci\u00f3n y experimentaci\u00f3n en el \u00e1mbito de la uni\u00f3n entre Arte, Ciencia y Tecnolog\u00eda y la Innovaci\u00f3n Cultural.\" \/>\n<meta name=\"twitter:image\" content=\"https:\/\/www.lactelab.org\/wp-content\/uploads\/2021\/01\/cabecera02.jpg\" \/>\n<meta name=\"twitter:site\" content=\"@lactelab\" \/>\n<meta name=\"twitter:label1\" content=\"Tiempo de lectura\">\n\t<meta name=\"twitter:data1\" content=\"3 minutos\">\n<script type=\"application\/ld+json\" class=\"yoast-schema-graph\">{\"@context\":\"https:\/\/schema.org\",\"@graph\":[{\"@type\":\"WebSite\",\"@id\":\"https:\/\/www.lactelab.org\/#website\",\"url\":\"https:\/\/www.lactelab.org\/\",\"name\":\"LacteLAB, Laboratorio de Arte, Ciencia y Tecnolog\\u00eda\",\"description\":\"Laboratorio de Arte, Ciencia y Tecnolog\\u00eda\",\"potentialAction\":[{\"@type\":\"SearchAction\",\"target\":\"https:\/\/www.lactelab.org\/?s={search_term_string}\",\"query-input\":\"required name=search_term_string\"}],\"inLanguage\":\"es\"},{\"@type\":\"ImageObject\",\"@id\":\"https:\/\/www.lactelab.org\/#primaryimage\",\"inLanguage\":\"es\",\"url\":\"https:\/\/www.lactelab.org\/wp-content\/uploads\/2021\/01\/cabecera02.jpg\",\"width\":1920,\"height\":1275},{\"@type\":\"WebPage\",\"@id\":\"https:\/\/www.lactelab.org\/#webpage\",\"url\":\"https:\/\/www.lactelab.org\/\",\"name\":\"Laboratorio - Laboratorio de Arte, Ciencia y Tecnolog\\u00eda\",\"isPartOf\":{\"@id\":\"https:\/\/www.lactelab.org\/#website\"},\"primaryImageOfPage\":{\"@id\":\"https:\/\/www.lactelab.org\/#primaryimage\"},\"datePublished\":\"2018-03-07T14:40:44+00:00\",\"dateModified\":\"2021-02-19T09:43:05+00:00\",\"description\":\"LacteLAB es un espacio de investigaci\\u00f3n y experimentaci\\u00f3n en el \\u00e1mbito de la uni\\u00f3n entre Arte, Ciencia y Tecnolog\\u00eda y la Innovaci\\u00f3n Cultural.\",\"breadcrumb\":{\"@id\":\"https:\/\/www.lactelab.org\/#breadcrumb\"},\"inLanguage\":\"es\",\"potentialAction\":[{\"@type\":\"ReadAction\",\"target\":[\"https:\/\/www.lactelab.org\/\"]}]},{\"@type\":\"BreadcrumbList\",\"@id\":\"https:\/\/www.lactelab.org\/#breadcrumb\",\"itemListElement\":[{\"@type\":\"ListItem\",\"position\":1,\"item\":{\"@type\":\"WebPage\",\"@id\":\"https:\/\/www.lactelab.org\/\",\"url\":\"https:\/\/www.lactelab.org\/\",\"name\":\"Portada\"}},{\"@type\":\"ListItem\",\"position\":2,\"item\":{\"@type\":\"WebPage\",\"@id\":\"https:\/\/www.lactelab.org\/\",\"url\":\"https:\/\/www.lactelab.org\/\",\"name\":\"Laboratorio\"}}]}]}<\/script>\n<!-- \/ Yoast SEO plugin. -->","_links":{"self":[{"href":"https:\/\/www.lactelab.org\/index.php\/wp-json\/wp\/v2\/pages\/8330"}],"collection":[{"href":"https:\/\/www.lactelab.org\/index.php\/wp-json\/wp\/v2\/pages"}],"about":[{"href":"https:\/\/www.lactelab.org\/index.php\/wp-json\/wp\/v2\/types\/page"}],"author":[{"embeddable":true,"href":"https:\/\/www.lactelab.org\/index.php\/wp-json\/wp\/v2\/users\/1"}],"replies":[{"embeddable":true,"href":"https:\/\/www.lactelab.org\/index.php\/wp-json\/wp\/v2\/comments?post=8330"}],"version-history":[{"count":43,"href":"https:\/\/www.lactelab.org\/index.php\/wp-json\/wp\/v2\/pages\/8330\/revisions"}],"predecessor-version":[{"id":9403,"href":"https:\/\/www.lactelab.org\/index.php\/wp-json\/wp\/v2\/pages\/8330\/revisions\/9403"}],"wp:featuredmedia":[{"embeddable":true,"href":"https:\/\/www.lactelab.org\/index.php\/wp-json\/wp\/v2\/media\/9184"}],"wp:attachment":[{"href":"https:\/\/www.lactelab.org\/index.php\/wp-json\/wp\/v2\/media?parent=8330"}],"curies":[{"name":"wp","href":"https:\/\/api.w.org\/{rel}","templated":true}]}}